{"id":2986,"date":"2022-12-08T12:32:18","date_gmt":"2022-12-08T11:32:18","guid":{"rendered":"https:\/\/sauna-wellness-update.de\/?page_id=2986"},"modified":"2026-02-21T17:41:50","modified_gmt":"2026-02-21T16:41:50","slug":"spitzner","status":"publish","type":"page","link":"http:\/\/sauna-wellness-update.de\/de_de\/spitzner\/","title":{"rendered":"Spitzner"},"content":{"rendered":"\n[et_pb_section fb_built=&#8220;1&#8243; _builder_version=&#8220;4.17.4&#8243; _module_preset=&#8220;default&#8220; global_colors_info=&#8220;{}&#8220;][et_pb_row column_structure=&#8220;3_5,2_5&#8243; _builder_version=&#8220;4.17.4&#8243; _module_preset=&#8220;default&#8220; global_colors_info=&#8220;{}&#8220;][et_pb_column type=&#8220;3_5&#8243; _builder_version=&#8220;4.17.4&#8243; _module_preset=&#8220;default&#8220; global_colors_info=&#8220;{}&#8220;][et_pb_text _builder_version=&#8220;4.27.5&#8243; _module_preset=&#8220;default&#8220; hover_enabled=&#8220;0&#8243; global_colors_info=&#8220;{}&#8220; sticky_enabled=&#8220;0&#8243;]<h1>Die Urkraft wecken: Neue Energie f\u00fcr eine Traditionsmarke<\/h1>[\/et_pb_text][et_pb_text _builder_version=&#8220;4.17.4&#8243; _module_preset=&#8220;default&#8220; global_colors_info=&#8220;{}&#8220;]<p>\u201eJedem Anfang wohnt ein Zauber inne\u201c, das Wort des ber\u00fchmten Dichters k\u00f6nnte sinnbildlich auch f\u00fcr die W. Spitzner Arzneimittelfabrik GmbH aus Ettlingen stehen. Die Neufirmierung setzt seit kurzem die tats\u00e4chlich fast magische Erfolgsgeschichte des mittelst\u00e4ndischen Unternehmens mit dem Einhorn im Logo unter dem traditionsreichen alten Namen fort.<\/p>\n<p>Mit Elan, Leidenschaft und Know-how macht sich die neue Leitung mit dem bew\u00e4hrten Team daran, die Marke Spitzner weiterzuentwickeln und die Zukunft des Standortes zu sichern. Lange Jahre war Spitzner Teil der Karlsruher Unternehmensgruppe Dr. Willmar Schwabe. Dann trennten sich die Wege und die Zukunft des bei Therapeuten wie auch gesundheitsbewussten Konsumenten anerkannten Wellness- und Pflegespezialisten liegt nun ganz in den H\u00e4nden seiner neuen Bewahrer und Entwickler.<\/p>\n<p>Mit aktuell 60 Mitarbeitenden und einer Leitung aus erfahrenen Expertinnen und Experten aus dem Gesundheitsbereich werden alle Optionen ausgeleuchtet, um den geschichtstr\u00e4chtigen und wertvollen Namen Spitzner mit Leben zu f\u00fcllen. Dabei setzt das Team voll und ganz auf den bew\u00e4hrten Markenkern: Gesundheit aus der Kraft der Natur.<\/p>\n<p>Mit gro\u00dfer Erfahrung und gepr\u00e4gt von einem medizinisch-wissenschaftlichen Qualit\u00e4tsverst\u00e4ndnis, produziert die W. Spitzner Arzneimittelfabrik GmbH als Lohnabf\u00fcller Arzneimittel sowie Kosmetik und Pflegeprodukte f\u00fcr f\u00fchrende Unternehmen. Durch eine solche Lohnabf\u00fcllung wird zum einen der Standort effektiv ausgelastet, zum anderen positioniert sich Spitzner durch das Produktions-Know-how der neuen Leitung und der Mitarbeiter als exzellenter Partner. Parallel dazu sieht das neue Konzept verst\u00e4rkt den Ausbau der eigenen K\u00f6rperpflege-, Kosmetik- und Wellness-Artikel vor. Die Arbeit f\u00fcr Physiotherapeuten, Kliniken, Sauna- und B\u00e4derlandschaften bildet hier einen Schwerpunkt der Unternehmensaktivit\u00e4ten. Nach wie vor stehen aber auch gesundheitsbewusste Privatanwender im Fokus.<\/p>\n<p>Fest verwurzelt ist die Verbundenheit mit dem Standort Ettlingen. Hier begann die Erfolgsgeschichte der Gesundheit aus Pflanzenkraft. In dem von Apotheker Professor Dr. Wolfram Spitzner im Jahre 1949 gegr\u00fcndeten \u201ePharmazeutischen Laboratorium Ettlingen\u201c entstand \u201ePinimenthol\u201c, das Schl\u00fcsselpr\u00e4parat f\u00fcr eine erfolgreiche Produktpalette gegen Erk\u00e4ltungskrankheiten. Bis heute bezieht die W. Spitzner Arzneimittelfabrik GmbH Ihre St\u00e4rke aus dem Reichtum der Natur \u2013 mit einem leidenschaftlichen Bekenntnis zur Heilkraft der Pflanzen.<\/p>\n<p>Eine weitere Konstante: Seit den 1960er Jahren engagiert sich Spitzner f\u00fcr die Physikalische Therapie. Das Ergebnis sind viele loyale und begeisterte Kunden, denen ein umfangreiches Sortiment hochwertiger Produkte f\u00fcr verschiedene Indikationen zur Verf\u00fcgung steht.<\/p>\n<p>Natur hat Zukunft \u2013 davon ist man in Ettlingen \u00fcberzeugt und beweist, dass das Echte und Unverf\u00e4lschte in zeitgem\u00e4\u00dfer Sprache und zielgruppengerechten Produkten ein Erfolgsrezept ist.<\/p>\n<p>Weitere Informationen: <a href=\"https:\/\/www.spitzner.de\/\" target=\"_blank\" rel=\"noopener\">www.spitzner.de<\/a><\/p>[\/et_pb_text][\/et_pb_column][et_pb_column type=&#8220;2_5&#8243; _builder_version=&#8220;4.17.4&#8243; _module_preset=&#8220;default&#8220; global_colors_info=&#8220;{}&#8220;][et_pb_image src=&#8220;https:\/\/sauna-wellness-update.de\/wp-content\/uploads\/Mail-Anhang-2.png&#8220; title_text=&#8220;Mail-Anhang-2&#8243; _builder_version=&#8220;4.17.4&#8243; _module_preset=&#8220;default&#8220; global_colors_info=&#8220;{}&#8220;][\/et_pb_image][\/et_pb_column][\/et_pb_row][\/et_pb_section]\n","protected":false},"excerpt":{"rendered":"<p>Die Urkraft wecken: Neue Energie f\u00fcr eine Traditionsmarke\u201eJedem Anfang wohnt ein Zauber inne\u201c, das Wort des ber\u00fchmten Dichters k\u00f6nnte sinnbildlich auch f\u00fcr die W. Spitzner Arzneimittelfabrik GmbH aus Ettlingen stehen. Die Neufirmierung setzt seit kurzem die tats\u00e4chlich fast magische Erfolgsgeschichte des mittelst\u00e4ndischen Unternehmens mit dem Einhorn im Logo unter dem traditionsreichen alten Namen fort. Mit [&hellip;]<\/p>\n","protected":false},"author":1,"featured_media":2994,"parent":0,"menu_order":0,"comment_status":"closed","ping_status":"closed","template":"","meta":{"_et_pb_use_builder":"on","_et_pb_old_content":"","_et_gb_content_width":"","iawp_total_views":6,"footnotes":""},"class_list":["post-2986","page","type-page","status-publish","has-post-thumbnail","hentry"],"_links":{"self":[{"href":"http:\/\/sauna-wellness-update.de\/de_de\/wp-json\/wp\/v2\/pages\/2986","targetHints":{"allow":["GET"]}}],"collection":[{"href":"http:\/\/sauna-wellness-update.de\/de_de\/wp-json\/wp\/v2\/pages"}],"about":[{"href":"http:\/\/sauna-wellness-update.de\/de_de\/wp-json\/wp\/v2\/types\/page"}],"author":[{"embeddable":true,"href":"http:\/\/sauna-wellness-update.de\/de_de\/wp-json\/wp\/v2\/users\/1"}],"replies":[{"embeddable":true,"href":"http:\/\/sauna-wellness-update.de\/de_de\/wp-json\/wp\/v2\/comments?post=2986"}],"version-history":[{"count":6,"href":"http:\/\/sauna-wellness-update.de\/de_de\/wp-json\/wp\/v2\/pages\/2986\/revisions"}],"predecessor-version":[{"id":56602,"href":"http:\/\/sauna-wellness-update.de\/de_de\/wp-json\/wp\/v2\/pages\/2986\/revisions\/56602"}],"wp:featuredmedia":[{"embeddable":true,"href":"http:\/\/sauna-wellness-update.de\/de_de\/wp-json\/wp\/v2\/media\/2994"}],"wp:attachment":[{"href":"http:\/\/sauna-wellness-update.de\/de_de\/wp-json\/wp\/v2\/media?parent=2986"}],"curies":[{"name":"wp","href":"https:\/\/api.w.org\/{rel}","templated":true}]}}