{"id":50,"date":"2022-06-21T11:50:20","date_gmt":"2022-06-21T09:50:20","guid":{"rendered":"http:\/\/maerz-kommunikation.com\/wordpress\/?page_id=50"},"modified":"2022-08-03T11:37:40","modified_gmt":"2022-08-03T09:37:40","slug":"marktplatz","status":"publish","type":"page","link":"http:\/\/sauna-wellness-update.de\/de_de\/marktplatz\/","title":{"rendered":"Unternehmen"},"content":{"rendered":"<p>[et_pb_section fb_built=&#8220;1&#8243; custom_padding_last_edited=&#8220;on|desktop&#8220; _builder_version=&#8220;4.17.4&#8243; _module_preset=&#8220;default&#8220; custom_padding_tablet=&#8220;|50px||50px|false|true&#8220; custom_padding_phone=&#8220;|24px||24px|false|true&#8220; global_colors_info=&#8220;{}&#8220;][et_pb_row _builder_version=&#8220;4.17.4&#8243; _module_preset=&#8220;default&#8220; global_colors_info=&#8220;{}&#8220;][et_pb_column type=&#8220;4_4&#8243; _builder_version=&#8220;4.17.4&#8243; _module_preset=&#8220;default&#8220; global_colors_info=&#8220;{}&#8220;][et_pb_text _builder_version=&#8220;4.17.4&#8243; _module_preset=&#8220;default&#8220; hover_enabled=&#8220;0&#8243; global_colors_info=&#8220;{}&#8220; sticky_enabled=&#8220;0&#8243;]<\/p>\n<h1>Unternehmen, Produkte, Dienstleistungen<\/h1>\n<p>Hersteller und Dienstleister stellen sich und ihre Angebote vor. Auf dieser \u00dcbersichtsseite wird es eine Vorschau aller Unternehmen mit Link zur jeweiligen Detailseite geben, wo die M\u00f6glichkeit besteht das Unternehmen und seine Angebote in Wort und Bild zu pr\u00e4sentieren.<\/p>\n<p>Dieses Angebot kann redaktionell bearbeitet und von uns gestaltet werden. F\u00fcr die Bearbeitung und Ver\u00f6ffentlichung wird ein j\u00e4hrlicher Beitrag erhoben, gestaffelt nach Art und Umfang der Pr\u00e4sentation.<\/p>\n<p>[\/et_pb_text][\/et_pb_column][\/et_pb_row][\/et_pb_section]<\/p>\n","protected":false},"excerpt":{"rendered":"<p>Unternehmen, Produkte, Dienstleistungen Hersteller und Dienstleister stellen sich und ihre Angebote vor. Auf dieser \u00dcbersichtsseite wird es eine Vorschau aller Unternehmen mit Link zur jeweiligen Detailseite geben, wo die M\u00f6glichkeit besteht das Unternehmen und seine Angebote in Wort und Bild zu pr\u00e4sentieren. Dieses Angebot kann redaktionell bearbeitet und von uns gestaltet werden. F\u00fcr die Bearbeitung [&hellip;]<\/p>\n","protected":false},"author":1,"featured_media":0,"parent":0,"menu_order":0,"comment_status":"closed","ping_status":"closed","template":"","meta":{"_et_pb_use_builder":"on","_et_pb_old_content":"","_et_gb_content_width":"","iawp_total_views":6,"footnotes":""},"class_list":["post-50","page","type-page","status-publish","hentry"],"_links":{"self":[{"href":"http:\/\/sauna-wellness-update.de\/de_de\/wp-json\/wp\/v2\/pages\/50","targetHints":{"allow":["GET"]}}],"collection":[{"href":"http:\/\/sauna-wellness-update.de\/de_de\/wp-json\/wp\/v2\/pages"}],"about":[{"href":"http:\/\/sauna-wellness-update.de\/de_de\/wp-json\/wp\/v2\/types\/page"}],"author":[{"embeddable":true,"href":"http:\/\/sauna-wellness-update.de\/de_de\/wp-json\/wp\/v2\/users\/1"}],"replies":[{"embeddable":true,"href":"http:\/\/sauna-wellness-update.de\/de_de\/wp-json\/wp\/v2\/comments?post=50"}],"version-history":[{"count":11,"href":"http:\/\/sauna-wellness-update.de\/de_de\/wp-json\/wp\/v2\/pages\/50\/revisions"}],"predecessor-version":[{"id":484,"href":"http:\/\/sauna-wellness-update.de\/de_de\/wp-json\/wp\/v2\/pages\/50\/revisions\/484"}],"wp:attachment":[{"href":"http:\/\/sauna-wellness-update.de\/de_de\/wp-json\/wp\/v2\/media?parent=50"}],"curies":[{"name":"wp","href":"https:\/\/api.w.org\/{rel}","templated":true}]}}