{"id":6573,"date":"2023-04-04T15:36:20","date_gmt":"2023-04-04T13:36:20","guid":{"rendered":"https:\/\/sauna-wellness-update.de\/?page_id=6573"},"modified":"2023-04-04T15:36:20","modified_gmt":"2023-04-04T13:36:20","slug":"finnsa","status":"publish","type":"page","link":"http:\/\/sauna-wellness-update.de\/de_de\/finnsa\/","title":{"rendered":"Finnsa"},"content":{"rendered":"<p>[et_pb_section fb_built=&#8220;1&#8243; _builder_version=&#8220;4.17.4&#8243; _module_preset=&#8220;default&#8220; global_colors_info=&#8220;{}&#8220; theme_builder_area=&#8220;post_content&#8220;][et_pb_row column_structure=&#8220;3_5,2_5&#8243; _builder_version=&#8220;4.17.4&#8243; _module_preset=&#8220;default&#8220; global_colors_info=&#8220;{}&#8220; theme_builder_area=&#8220;post_content&#8220;][et_pb_column type=&#8220;3_5&#8243; _builder_version=&#8220;4.17.4&#8243; _module_preset=&#8220;default&#8220; global_colors_info=&#8220;{}&#8220; theme_builder_area=&#8220;post_content&#8220;][et_pb_text _builder_version=&#8220;4.20.2&#8243; _module_preset=&#8220;default&#8220; hover_enabled=&#8220;0&#8243; global_colors_info=&#8220;{}&#8220; theme_builder_area=&#8220;post_content&#8220; sticky_enabled=&#8220;0&#8243;]<\/p>\n<h1>\u00dcber 55 Jahre Finnsa<\/h1>\n<p>[\/et_pb_text][et_pb_image src=&#8220;https:\/\/sauna-wellness-update.de\/wp-content\/uploads\/FINNSA-Firmengebaeude01.jpg&#8220; _builder_version=&#8220;4.20.2&#8243; _module_preset=&#8220;default&#8220; theme_builder_area=&#8220;post_content&#8220; title_text=&#8220;FINNSA-Firmengeba\u0308ude01&#8243; hover_enabled=&#8220;0&#8243; sticky_enabled=&#8220;0&#8243;][\/et_pb_image][et_pb_text _builder_version=&#8220;4.20.2&#8243; _module_preset=&#8220;default&#8220; hover_enabled=&#8220;0&#8243; global_colors_info=&#8220;{}&#8220; theme_builder_area=&#8220;post_content&#8220; sticky_enabled=&#8220;0&#8243;]<\/p>\n<p>Seit fast 55 Jahren gibt es Finnsa GmbH als das Fachunternehmen f\u00fcr Sauna- und Wellnesszubeh\u00f6r im Herzen Deutschlands. Der international agierende Versandgro\u00dfhandel besticht mit einem gro\u00dfen ausgew\u00e4hlten Sortiment und bester fachlicher Beratung. Ehrlich, seri\u00f6s und kundenorientiert. Was 1967 begann, hat sich stetig entwickelt und ist zur Marke rund um Sauna, Wellness, Spa, Fitness und Gesundheit gereift.<\/p>\n<p>Der Gro\u00dfteil der Artikel wird in der EU hergestellt, wodurch die Finnsa dazu beitr\u00e4gt, die europ\u00e4ische Wirtschaft zu st\u00e4rken. Durch m\u00f6glichst umweltfreundliche und effiziente Verpackung wird zudem gro\u00dfer Wert auf Klimaschutz gelegt.<\/p>\n<p><a href=\"https:\/\/finnsa.de\/\" target=\"_blank\" rel=\"noopener\">www.finnsa.de<\/a><\/p>\n<p>[\/et_pb_text][\/et_pb_column][et_pb_column type=&#8220;2_5&#8243; _builder_version=&#8220;4.17.4&#8243; _module_preset=&#8220;default&#8220; global_colors_info=&#8220;{}&#8220; theme_builder_area=&#8220;post_content&#8220;][et_pb_image src=&#8220;https:\/\/sauna-wellness-update.de\/wp-content\/uploads\/Finnsa_Logo_Button-Farbe_gruen-1.png&#8220; title_text=&#8220;Finnsa_Logo_Button-Farbe_gru\u0308n&#8220; _builder_version=&#8220;4.20.2&#8243; _module_preset=&#8220;default&#8220; hover_enabled=&#8220;0&#8243; global_colors_info=&#8220;{}&#8220; theme_builder_area=&#8220;post_content&#8220; sticky_enabled=&#8220;0&#8243;][\/et_pb_image][\/et_pb_column][\/et_pb_row][\/et_pb_section]<\/p>\n","protected":false},"excerpt":{"rendered":"<p>\u00dcber 55 Jahre FinnsaSeit fast 55 Jahren gibt es Finnsa GmbH als das Fachunternehmen f\u00fcr Sauna- und Wellnesszubeh\u00f6r im Herzen Deutschlands. Der international agierende Versandgro\u00dfhandel besticht mit einem gro\u00dfen ausgew\u00e4hlten Sortiment und bester fachlicher Beratung. Ehrlich, seri\u00f6s und kundenorientiert. Was 1967 begann, hat sich stetig entwickelt und ist zur Marke rund um Sauna, Wellness, Spa, [&hellip;]<\/p>\n","protected":false},"author":1,"featured_media":0,"parent":0,"menu_order":0,"comment_status":"closed","ping_status":"closed","template":"","meta":{"_et_pb_use_builder":"on","_et_pb_old_content":"","_et_gb_content_width":"","iawp_total_views":2,"footnotes":""},"class_list":["post-6573","page","type-page","status-publish","hentry"],"_links":{"self":[{"href":"http:\/\/sauna-wellness-update.de\/de_de\/wp-json\/wp\/v2\/pages\/6573","targetHints":{"allow":["GET"]}}],"collection":[{"href":"http:\/\/sauna-wellness-update.de\/de_de\/wp-json\/wp\/v2\/pages"}],"about":[{"href":"http:\/\/sauna-wellness-update.de\/de_de\/wp-json\/wp\/v2\/types\/page"}],"author":[{"embeddable":true,"href":"http:\/\/sauna-wellness-update.de\/de_de\/wp-json\/wp\/v2\/users\/1"}],"replies":[{"embeddable":true,"href":"http:\/\/sauna-wellness-update.de\/de_de\/wp-json\/wp\/v2\/comments?post=6573"}],"version-history":[{"count":2,"href":"http:\/\/sauna-wellness-update.de\/de_de\/wp-json\/wp\/v2\/pages\/6573\/revisions"}],"predecessor-version":[{"id":6578,"href":"http:\/\/sauna-wellness-update.de\/de_de\/wp-json\/wp\/v2\/pages\/6573\/revisions\/6578"}],"wp:attachment":[{"href":"http:\/\/sauna-wellness-update.de\/de_de\/wp-json\/wp\/v2\/media?parent=6573"}],"curies":[{"name":"wp","href":"https:\/\/api.w.org\/{rel}","templated":true}]}}