{"id":28,"date":"2022-06-21T11:43:54","date_gmt":"2022-06-21T09:43:54","guid":{"rendered":"http:\/\/maerz-kommunikation.com\/wordpress\/?page_id=28"},"modified":"2024-09-04T17:29:49","modified_gmt":"2024-09-04T15:29:49","slug":"anlagen","status":"publish","type":"page","link":"http:\/\/sauna-wellness-update.de\/en\/anlagen\/","title":{"rendered":"Plants"},"content":{"rendered":"<p>[et_pb_section fb_built=&#8220;1&#8243; custom_padding_last_edited=&#8220;on|desktop&#8220; _builder_version=&#8220;4.17.4&#8243; _module_preset=&#8220;default&#8220; custom_padding_tablet=&#8220;|50px||50px|false|true&#8220; custom_padding_phone=&#8220;|24px||24px|false|true&#8220; global_colors_info=&#8220;{}&#8220;][et_pb_row _builder_version=&#8220;4.17.4&#8243; _module_preset=&#8220;default&#8220; global_colors_info=&#8220;{}&#8220;][et_pb_column type=&#8220;4_4&#8243; _builder_version=&#8220;4.17.4&#8243; _module_preset=&#8220;default&#8220; global_colors_info=&#8220;{}&#8220;][et_pb_text _builder_version=&#8220;4.17.4&#8243; _module_preset=&#8220;default&#8220; global_colors_info=&#8220;{}&#8220;]<\/p>\n<h1>Sauna- und Wellness-Anlagen, SPA-Hotels<\/h1>\n<p>Sauna- und Wellness-Anlagen sowie SPA-Hotels stellen sich vor. Auf dieser \u00dcbersichtsseite wird es eine Vorschau aller Anlagen mit Link zur jeweiligen Detailseite geben, wo die Betriebe die M\u00f6glichkeit haben sich ausf\u00fchrlich in Wort und Bild und mit allen wichtigen Daten, wie Eintrittspreise und \u00d6ffnungszeiten, zu pr\u00e4sentieren.<\/p>\n<p>Dieses Angebot kann redaktionell bearbeitet und von uns gestaltet werden. F\u00fcr die Bearbeitung und Ver\u00f6ffentlichung wird ein j\u00e4hrlicher Beitrag erhoben, gestaffelt nach Art und Umfang der Pr\u00e4sentation.<\/p>\n<p>[\/et_pb_text][\/et_pb_column][\/et_pb_row][\/et_pb_section]<\/p>\n","protected":false},"excerpt":{"rendered":"<p>Sauna- und Wellness-Anlagen, SPA-Hotels Sauna- und Wellness-Anlagen sowie SPA-Hotels stellen sich vor. Auf dieser \u00dcbersichtsseite wird es eine Vorschau aller Anlagen mit Link zur jeweiligen Detailseite geben, wo die Betriebe die M\u00f6glichkeit haben sich ausf\u00fchrlich in Wort und Bild und mit allen wichtigen Daten, wie Eintrittspreise und \u00d6ffnungszeiten, zu pr\u00e4sentieren. Dieses Angebot kann redaktionell bearbeitet [&hellip;]<\/p>\n","protected":false},"author":1,"featured_media":0,"parent":0,"menu_order":0,"comment_status":"closed","ping_status":"closed","template":"","meta":{"_et_pb_use_builder":"on","_et_pb_old_content":"","_et_gb_content_width":"","iawp_total_views":8,"footnotes":""},"class_list":["post-28","page","type-page","status-publish","hentry"],"_links":{"self":[{"href":"http:\/\/sauna-wellness-update.de\/en\/wp-json\/wp\/v2\/pages\/28","targetHints":{"allow":["GET"]}}],"collection":[{"href":"http:\/\/sauna-wellness-update.de\/en\/wp-json\/wp\/v2\/pages"}],"about":[{"href":"http:\/\/sauna-wellness-update.de\/en\/wp-json\/wp\/v2\/types\/page"}],"author":[{"embeddable":true,"href":"http:\/\/sauna-wellness-update.de\/en\/wp-json\/wp\/v2\/users\/1"}],"replies":[{"embeddable":true,"href":"http:\/\/sauna-wellness-update.de\/en\/wp-json\/wp\/v2\/comments?post=28"}],"version-history":[{"count":14,"href":"http:\/\/sauna-wellness-update.de\/en\/wp-json\/wp\/v2\/pages\/28\/revisions"}],"predecessor-version":[{"id":536,"href":"http:\/\/sauna-wellness-update.de\/en\/wp-json\/wp\/v2\/pages\/28\/revisions\/536"}],"wp:attachment":[{"href":"http:\/\/sauna-wellness-update.de\/en\/wp-json\/wp\/v2\/media?parent=28"}],"curies":[{"name":"wp","href":"https:\/\/api.w.org\/{rel}","templated":true}]}}