{"id":34,"date":"2022-06-21T11:45:21","date_gmt":"2022-06-21T09:45:21","guid":{"rendered":"http:\/\/maerz-kommunikation.com\/wordpress\/?page_id=34"},"modified":"2025-08-05T22:56:42","modified_gmt":"2025-08-05T20:56:42","slug":"kontakt","status":"publish","type":"page","link":"http:\/\/sauna-wellness-update.de\/en\/kontakt\/","title":{"rendered":"Contact"},"content":{"rendered":"\n[et_pb_section fb_built=&#8220;1&#8243; custom_padding_last_edited=&#8220;on|desktop&#8220; _builder_version=&#8220;4.17.4&#8243; _module_preset=&#8220;default&#8220; custom_padding_tablet=&#8220;|50px||50px|false|true&#8220; custom_padding_phone=&#8220;|24px||24px|false|true&#8220; global_colors_info=&#8220;{}&#8220;][et_pb_row column_structure=&#8220;3_5,2_5&#8243; _builder_version=&#8220;4.17.4&#8243; _module_preset=&#8220;default&#8220; global_colors_info=&#8220;{}&#8220;][et_pb_column type=&#8220;3_5&#8243; _builder_version=&#8220;4.17.4&#8243; _module_preset=&#8220;default&#8220; global_colors_info=&#8220;{}&#8220;][et_pb_text _builder_version=&#8220;4.27.4&#8243; _module_preset=&#8220;default&#8220; hover_enabled=&#8220;0&#8243; global_colors_info=&#8220;{}&#8220; sticky_enabled=&#8220;0&#8243;]<h1>Qualit\u00e4t und Erfahrung schaffen Vertrauen und Mehrwert!<\/h1>\n<p>&nbsp;<\/p>\n<p><strong>Hans-J\u00fcrgen Gensow<\/strong> (Jg. 1955)<br \/>Diplom-Journalist (TU Dortmund)<\/p>\n<p><strong>Sauna + Wellness Coach, Insider + Influencer<br \/><\/strong><\/p>\n<p><strong>Agenda-Setting f\u00fcr Menschen ab 70\u00a0 <br \/><\/strong><\/p>\n<p>&nbsp;<\/p>\n<h4>Berufliche Stationen<\/h4>\n<ul>\n<li>Deutscher Sauna-Bund Bielefeld (2000 \u2013 2020)<\/li>\n<li>Deutsche Bank Zentrale Frankfurt\/M.<\/li>\n<li>Stiftung Volkswagenwerk Hannover<\/li>\n<li>Flensburger Tageblatt<\/li>\n<\/ul>[\/et_pb_text][\/et_pb_column][et_pb_column type=&#8220;2_5&#8243; _builder_version=&#8220;4.17.4&#8243; _module_preset=&#8220;default&#8220; global_colors_info=&#8220;{}&#8220;][et_pb_image src=&#8220;https:\/\/sauna-wellness-update.de\/wp-content\/uploads\/DSCF4378_web.jpg&#8220; title_text=&#8220;DSCF4378_web&#8220; _builder_version=&#8220;4.17.4&#8243; _module_preset=&#8220;default&#8220; max_width=&#8220;65%&#8220; custom_margin=&#8220;-30px||||false|false&#8220; custom_padding=&#8220;||||true&#8220; global_colors_info=&#8220;{}&#8220;][\/et_pb_image][et_pb_text _builder_version=&#8220;4.22.1&#8243; _module_preset=&#8220;default&#8220; global_colors_info=&#8220;{}&#8220;]<p style=\"text-align: left;\">E-Mail: <a href=\"mailto:info@sauna-wellness-update.de\">info@sauna-wellness-update.de<\/a><\/p>\n<p style=\"text-align: left;\">Antwort innerhalb von 24 Stunden!<\/p>[\/et_pb_text][\/et_pb_column][\/et_pb_row][et_pb_row module_id=&#8220;foerderer&#8220; module_class=&#8220;foerderer&#8220; _builder_version=&#8220;4.24.2&#8243; _module_preset=&#8220;default&#8220; global_colors_info=&#8220;{}&#8220;][et_pb_column type=&#8220;4_4&#8243; _builder_version=&#8220;4.24.2&#8243; _module_preset=&#8220;default&#8220; global_colors_info=&#8220;{}&#8220;][et_pb_text _builder_version=&#8220;4.24.2&#8243; _module_preset=&#8220;default&#8220; global_colors_info=&#8220;{}&#8220;]<h1 class=\"entry-title\"><a href=\"https:\/\/sauna-wellness-update.de\/2024\/01\/16\/sisu-der-fakten-booster\/\">SISU F\u00f6rderer gesucht!<\/a><\/h1>\n<p>Um das hochwertige journalistische SISU Informationsangebot finanziell solide abzusichern, braucht es kontinuierliche F\u00f6rderbeitr\u00e4ge. Die tagesaktuellen News k\u00f6nnen dadurch auch weiterhin kostenfrei bleiben. Promotionw\u00fcnsche eines jedes F\u00f6rderers erfahren dabei eine besondere Ber\u00fccksichtigung in der Berichterstattung. Kontaktaufnahme bitte per E-Mail.<\/p>\n<p>\u00dcber einen regelm\u00e4\u00dfigen F\u00f6rderbeitrag w\u00fcrde ich mich freuen. Entscheiden Sie selbst \u00fcber den Wert meiner Arbeit.<\/p>\n<p>Vielen Dank f\u00fcr Ihre Unterst\u00fctzung!<\/p>\n<p>Kontoinhaber: Hans-J\u00fcrgen Gensow, Bielefeld<\/p>\n<p>Deutsche Bank FFM<br \/>IBAN: DE80 5007 0024 0803 0660 00<br \/>BIC: DEUTDEFFXXX<\/p>[\/et_pb_text][\/et_pb_column][\/et_pb_row][et_pb_row disabled_on=&#8220;on|on|on&#8220; _builder_version=&#8220;4.24.2&#8243; _module_preset=&#8220;default&#8220; disabled=&#8220;on&#8220; global_colors_info=&#8220;{}&#8220;][et_pb_column type=&#8220;4_4&#8243; _builder_version=&#8220;4.17.4&#8243; _module_preset=&#8220;default&#8220; global_colors_info=&#8220;{}&#8220;][et_pb_text _builder_version=&#8220;4.17.4&#8243; _module_preset=&#8220;default&#8220; global_colors_info=&#8220;{}&#8220;]<h1>Kontakt<\/h1>\n<p>Es ist uns wichtig, mit den Nutzern dieses Angebotes im Dialog zu sein. F\u00fcr W\u00fcnsche und Anregungen sind wir deshalb offen und dankbar. Nur durch Ihre Mitwirkung kann das Angebot dieser Seite Ihren Bed\u00fcrfnissen und W\u00fcnschen entsprechen und so f\u00fcr alle gr\u00f6\u00dftm\u00f6glichen Nutzen erzielen.<\/p>[\/et_pb_text][\/et_pb_column][\/et_pb_row][et_pb_row disabled_on=&#8220;on|on|on&#8220; _builder_version=&#8220;4.24.2&#8243; _module_preset=&#8220;default&#8220; disabled=&#8220;on&#8220; global_colors_info=&#8220;{}&#8220;][et_pb_column type=&#8220;4_4&#8243; _builder_version=&#8220;4.17.4&#8243; _module_preset=&#8220;default&#8220; global_colors_info=&#8220;{}&#8220;][et_pb_contact_form captcha=&#8220;off&#8220; email=&#8220;pr-gen@web.de, ms@maerz-kommunikation.de&#8220; custom_message=&#8220;%%Name%% hat folgende Nachricht geschickt:||et_pb_line_break_holder||||et_pb_line_break_holder||%%Message%%||et_pb_line_break_holder||Kontakt: %%Email%%||et_pb_line_break_holder||&#8220; success_message=&#8220;Vielen Dank, Ihre Nachricht wurde verschickt.&#8220; _builder_version=&#8220;4.17.4&#8243; _module_preset=&#8220;default&#8220; _unique_id=&#8220;cf88d0a7-c875-43a6-a187-d60e564aa841&#8243; global_colors_info=&#8220;{}&#8220;][et_pb_contact_field field_id=&#8220;Name&#8220; field_title=&#8220;Name&#8220; _builder_version=&#8220;4.17.4&#8243; global_colors_info=&#8220;{}&#8220; button_text_size__hover_enabled=&#8220;off&#8220; button_one_text_size__hover_enabled=&#8220;off&#8220; button_two_text_size__hover_enabled=&#8220;off&#8220; button_text_color__hover_enabled=&#8220;off&#8220; button_one_text_color__hover_enabled=&#8220;off&#8220; button_two_text_color__hover_enabled=&#8220;off&#8220; button_border_width__hover_enabled=&#8220;off&#8220; button_one_border_width__hover_enabled=&#8220;off&#8220; button_two_border_width__hover_enabled=&#8220;off&#8220; button_border_color__hover_enabled=&#8220;off&#8220; button_one_border_color__hover_enabled=&#8220;off&#8220; button_two_border_color__hover_enabled=&#8220;off&#8220; button_border_radius__hover_enabled=&#8220;off&#8220; button_one_border_radius__hover_enabled=&#8220;off&#8220; button_two_border_radius__hover_enabled=&#8220;off&#8220; button_letter_spacing__hover_enabled=&#8220;off&#8220; button_one_letter_spacing__hover_enabled=&#8220;off&#8220; button_two_letter_spacing__hover_enabled=&#8220;off&#8220; button_bg_color__hover_enabled=&#8220;off&#8220; button_one_bg_color__hover_enabled=&#8220;off&#8220; button_two_bg_color__hover_enabled=&#8220;off&#8220;][\/et_pb_contact_field][et_pb_contact_field field_id=&#8220;Email&#8220; field_title=&#8220;E-Mail-Adresse&#8220; field_type=&#8220;email&#8220; _builder_version=&#8220;4.17.4&#8243; global_colors_info=&#8220;{}&#8220; button_text_size__hover_enabled=&#8220;off&#8220; button_one_text_size__hover_enabled=&#8220;off&#8220; button_two_text_size__hover_enabled=&#8220;off&#8220; button_text_color__hover_enabled=&#8220;off&#8220; button_one_text_color__hover_enabled=&#8220;off&#8220; button_two_text_color__hover_enabled=&#8220;off&#8220; button_border_width__hover_enabled=&#8220;off&#8220; button_one_border_width__hover_enabled=&#8220;off&#8220; button_two_border_width__hover_enabled=&#8220;off&#8220; button_border_color__hover_enabled=&#8220;off&#8220; button_one_border_color__hover_enabled=&#8220;off&#8220; button_two_border_color__hover_enabled=&#8220;off&#8220; button_border_radius__hover_enabled=&#8220;off&#8220; button_one_border_radius__hover_enabled=&#8220;off&#8220; button_two_border_radius__hover_enabled=&#8220;off&#8220; button_letter_spacing__hover_enabled=&#8220;off&#8220; button_one_letter_spacing__hover_enabled=&#8220;off&#8220; button_two_letter_spacing__hover_enabled=&#8220;off&#8220; button_bg_color__hover_enabled=&#8220;off&#8220; button_one_bg_color__hover_enabled=&#8220;off&#8220; button_two_bg_color__hover_enabled=&#8220;off&#8220;][\/et_pb_contact_field][et_pb_contact_field field_id=&#8220;Message&#8220; field_title=&#8220;Nachricht&#8220; field_type=&#8220;text&#8220; fullwidth_field=&#8220;on&#8220; _builder_version=&#8220;4.17.4&#8243; global_colors_info=&#8220;{}&#8220; button_text_size__hover_enabled=&#8220;off&#8220; button_one_text_size__hover_enabled=&#8220;off&#8220; button_two_text_size__hover_enabled=&#8220;off&#8220; button_text_color__hover_enabled=&#8220;off&#8220; button_one_text_color__hover_enabled=&#8220;off&#8220; button_two_text_color__hover_enabled=&#8220;off&#8220; button_border_width__hover_enabled=&#8220;off&#8220; button_one_border_width__hover_enabled=&#8220;off&#8220; button_two_border_width__hover_enabled=&#8220;off&#8220; button_border_color__hover_enabled=&#8220;off&#8220; button_one_border_color__hover_enabled=&#8220;off&#8220; button_two_border_color__hover_enabled=&#8220;off&#8220; button_border_radius__hover_enabled=&#8220;off&#8220; button_one_border_radius__hover_enabled=&#8220;off&#8220; button_two_border_radius__hover_enabled=&#8220;off&#8220; button_letter_spacing__hover_enabled=&#8220;off&#8220; button_one_letter_spacing__hover_enabled=&#8220;off&#8220; button_two_letter_spacing__hover_enabled=&#8220;off&#8220; button_bg_color__hover_enabled=&#8220;off&#8220; button_one_bg_color__hover_enabled=&#8220;off&#8220; button_two_bg_color__hover_enabled=&#8220;off&#8220;][\/et_pb_contact_field][\/et_pb_contact_form][\/et_pb_column][\/et_pb_row][\/et_pb_section]\n","protected":false},"excerpt":{"rendered":"<p>Qualit\u00e4t und Erfahrung schaffen Vertrauen und Mehrwert! &nbsp; Hans-J\u00fcrgen Gensow (Jg. 1955)Diplom-Journalist (TU Dortmund) Sauna + Wellness Coach, Insider + Influencer Agenda-Setting f\u00fcr Menschen ab 70\u00a0 &nbsp; Berufliche Stationen Deutscher Sauna-Bund Bielefeld (2000 \u2013 2020) Deutsche Bank Zentrale Frankfurt\/M. Stiftung Volkswagenwerk Hannover Flensburger Tageblatt E-Mail: info@sauna-wellness-update.de Antwort innerhalb von 24 Stunden!SISU F\u00f6rderer gesucht! Um das [&hellip;]<\/p>\n","protected":false},"author":1,"featured_media":0,"parent":0,"menu_order":0,"comment_status":"closed","ping_status":"closed","template":"","meta":{"_et_pb_use_builder":"on","_et_pb_old_content":"","_et_gb_content_width":"","iawp_total_views":40,"footnotes":""},"class_list":["post-34","page","type-page","status-publish","hentry"],"_links":{"self":[{"href":"http:\/\/sauna-wellness-update.de\/en\/wp-json\/wp\/v2\/pages\/34","targetHints":{"allow":["GET"]}}],"collection":[{"href":"http:\/\/sauna-wellness-update.de\/en\/wp-json\/wp\/v2\/pages"}],"about":[{"href":"http:\/\/sauna-wellness-update.de\/en\/wp-json\/wp\/v2\/types\/page"}],"author":[{"embeddable":true,"href":"http:\/\/sauna-wellness-update.de\/en\/wp-json\/wp\/v2\/users\/1"}],"replies":[{"embeddable":true,"href":"http:\/\/sauna-wellness-update.de\/en\/wp-json\/wp\/v2\/comments?post=34"}],"version-history":[{"count":34,"href":"http:\/\/sauna-wellness-update.de\/en\/wp-json\/wp\/v2\/pages\/34\/revisions"}],"predecessor-version":[{"id":46200,"href":"http:\/\/sauna-wellness-update.de\/en\/wp-json\/wp\/v2\/pages\/34\/revisions\/46200"}],"wp:attachment":[{"href":"http:\/\/sauna-wellness-update.de\/en\/wp-json\/wp\/v2\/media?parent=34"}],"curies":[{"name":"wp","href":"https:\/\/api.w.org\/{rel}","templated":true}]}}