{"id":3114,"date":"2022-12-13T12:18:38","date_gmt":"2022-12-13T11:18:38","guid":{"rendered":"https:\/\/sauna-wellness-update.de\/?page_id=3114"},"modified":"2022-12-13T12:18:44","modified_gmt":"2022-12-13T11:18:44","slug":"impressum","status":"publish","type":"page","link":"https:\/\/sauna-wellness-update.de\/de_de\/impressum\/","title":{"rendered":"Impressum"},"content":{"rendered":"<p>[et_pb_section fb_built=&#8220;1&#8243; theme_builder_area=&#8220;post_content&#8220; _builder_version=&#8220;4.17.4&#8243; _module_preset=&#8220;default&#8220;][et_pb_row _builder_version=&#8220;4.17.4&#8243; _module_preset=&#8220;default&#8220; theme_builder_area=&#8220;post_content&#8220;][et_pb_column _builder_version=&#8220;4.17.4&#8243; _module_preset=&#8220;default&#8220; type=&#8220;4_4&#8243; theme_builder_area=&#8220;post_content&#8220;][et_pb_text _builder_version=&#8220;4.17.4&#8243; _module_preset=&#8220;default&#8220; theme_builder_area=&#8220;post_content&#8220; hover_enabled=&#8220;0&#8243; sticky_enabled=&#8220;0&#8243;]<\/p>\n<h1>Impressum<\/h1>\n<p class=\"\"><strong>m\u00e6rz<span>\u00a0<\/span><\/strong>kommunikation<\/p>\n<p class=\"\">m\u00e6rz kommunikation GmbH &amp; Co. KG, Obernstra\u00dfe 42, 33602 Bielefeld<br \/>Amtsgericht Bielefeld: HRA 15680, Ust-Id-Nr de 815\u2009262\u2009710<\/p>\n<p class=\"\">Pers\u00f6nlich haftende Gesellschafterin:<br \/>Maerz Verwaltungs GmbH, Amtsgericht Bielefeld: HRB 40265<br \/>Gesch\u00e4ftsf\u00fchrer: Stefanie Kreutz, Volker M\u00fcller, Michael Sch\u00e4per<\/p>\n<p>[\/et_pb_text][\/et_pb_column][\/et_pb_row][\/et_pb_section]<\/p>\n","protected":false},"excerpt":{"rendered":"<p>Impressum m\u00e6rz\u00a0kommunikation m\u00e6rz kommunikation GmbH &amp; Co. KG, Obernstra\u00dfe 42, 33602 BielefeldAmtsgericht Bielefeld: HRA 15680, Ust-Id-Nr de 815\u2009262\u2009710 Pers\u00f6nlich haftende Gesellschafterin:Maerz Verwaltungs GmbH, Amtsgericht Bielefeld: HRB 40265Gesch\u00e4ftsf\u00fchrer: Stefanie Kreutz, Volker M\u00fcller, Michael Sch\u00e4per<\/p>\n","protected":false},"author":1,"featured_media":0,"parent":0,"menu_order":0,"comment_status":"closed","ping_status":"closed","template":"","meta":{"_et_pb_use_builder":"on","_et_pb_old_content":"","_et_gb_content_width":"","iawp_total_views":19,"footnotes":""},"class_list":["post-3114","page","type-page","status-publish","hentry"],"_links":{"self":[{"href":"https:\/\/sauna-wellness-update.de\/de_de\/wp-json\/wp\/v2\/pages\/3114","targetHints":{"allow":["GET"]}}],"collection":[{"href":"https:\/\/sauna-wellness-update.de\/de_de\/wp-json\/wp\/v2\/pages"}],"about":[{"href":"https:\/\/sauna-wellness-update.de\/de_de\/wp-json\/wp\/v2\/types\/page"}],"author":[{"embeddable":true,"href":"https:\/\/sauna-wellness-update.de\/de_de\/wp-json\/wp\/v2\/users\/1"}],"replies":[{"embeddable":true,"href":"https:\/\/sauna-wellness-update.de\/de_de\/wp-json\/wp\/v2\/comments?post=3114"}],"version-history":[{"count":2,"href":"https:\/\/sauna-wellness-update.de\/de_de\/wp-json\/wp\/v2\/pages\/3114\/revisions"}],"predecessor-version":[{"id":3117,"href":"https:\/\/sauna-wellness-update.de\/de_de\/wp-json\/wp\/v2\/pages\/3114\/revisions\/3117"}],"wp:attachment":[{"href":"https:\/\/sauna-wellness-update.de\/de_de\/wp-json\/wp\/v2\/media?parent=3114"}],"curies":[{"name":"wp","href":"https:\/\/api.w.org\/{rel}","templated":true}]}}