{"id":6565,"date":"2023-04-04T15:32:09","date_gmt":"2023-04-04T13:32:09","guid":{"rendered":"https:\/\/sauna-wellness-update.de\/?page_id=6565"},"modified":"2023-04-04T15:32:09","modified_gmt":"2023-04-04T13:32:09","slug":"kemitron","status":"publish","type":"page","link":"https:\/\/sauna-wellness-update.de\/de_de\/kemitron\/","title":{"rendered":"Kemitron"},"content":{"rendered":"\n[et_pb_section fb_built=&#8220;1&#8243; _builder_version=&#8220;4.17.4&#8243; _module_preset=&#8220;default&#8220; global_colors_info=&#8220;{}&#8220; theme_builder_area=&#8220;post_content&#8220;][et_pb_row column_structure=&#8220;3_5,2_5&#8243; _builder_version=&#8220;4.17.4&#8243; _module_preset=&#8220;default&#8220; global_colors_info=&#8220;{}&#8220; theme_builder_area=&#8220;post_content&#8220;][et_pb_column type=&#8220;3_5&#8243; _builder_version=&#8220;4.17.4&#8243; _module_preset=&#8220;default&#8220; global_colors_info=&#8220;{}&#8220; theme_builder_area=&#8220;post_content&#8220;][et_pb_text _builder_version=&#8220;4.20.2&#8243; _module_preset=&#8220;default&#8220; hover_enabled=&#8220;0&#8243; global_colors_info=&#8220;{}&#8220; theme_builder_area=&#8220;post_content&#8220; sticky_enabled=&#8220;0&#8243;]<h1>Kemitron: Umweltfreundliches Gesamtpaket<\/h1>[\/et_pb_text][et_pb_text _builder_version=&#8220;4.20.2&#8243; _module_preset=&#8220;default&#8220; hover_enabled=&#8220;0&#8243; global_colors_info=&#8220;{}&#8220; theme_builder_area=&#8220;post_content&#8220; sticky_enabled=&#8220;0&#8243;]<p>Der Premium-Wellnesstechnologie-Anbieter Kemitron zeigt auf, wie man mit seinen Produkten in Spa-Einrichtungen Energie, Ressourcen und Kosten sparen kann.<\/p>\n<p>Alle Kemitron-Produkte zeichnen sich durch ihren geringen Verbrauch und die damit verbundene Wirtschaftlichkeit und Kosteneffizienz aus. Dies kann zu erheblichen Gesamteinsparungen fu\u0308r die Betreiber von Wellness- und Spa-Anlagen fu\u0308hren. Dies l\u00e4sst sich am besten an einigen der Produkte verdeutlichen.<\/p>\n<p>Bei der Entwicklung der technischen Produkte der Technico-Reihe von Kemitron steht die Energieeinsparung immer im Vordergrund. Dies gilt sowohl fu\u0308r den Standby- als auch fu\u0308r den Betriebsmodus der Ger\u00e4te. Zuverl\u00e4ssigkeit, Energieeffizienz und Langlebigkeit sind die Elemente, die dem Kunden Kosten sparen, weshalb Kemitron dieses Ziel bei allen seinen technischen Produkten verfolgt. Die neuen Dosierpumpen der Technico-Reihe verbrauchen im Standby-Betrieb weniger als 1 W &#8211; genauer gesagt nur 0,1 W, aber aufgrund der europ\u00e4ischen Normen, die ganze Zahlen vorschreiben, muss dieser Wert aufgerundet werden.<\/p>\n<p>Derselbe Fokus auf Effizienz findet sich auch in den anderen Produkten der Technico-Reihe von Kemitron, wie z.B. dem Sauna-Aufguss-System (Sauna Infutronic), sowie dem Sole-System, dem Aromater, dem Aufsch\u00e4umer und vielen anderen.<\/p>\n<p>&#8222;Die Kunden k\u00f6nnen nicht nur Energie, sondern auch Kosten sparen. Denn der geringere Wasserverbrauch und die daraus resultierende geringere Hei\u00dfwasserproduktion fu\u0308hren zu einer Senkung der Betriebskosten&#8220;, so Stefan Mayer-Klenk, Gesch\u00e4ftsfu\u0308hrer von Kemitron.<\/p>\n<p><strong>Gering im Verbrauch, riesig in der Performance<\/strong><\/p>\n<p>Ebenso sind die Steuerungssysteme von Kemitron in seinen Erlebnisduschen, Rhassouls, Dampfb\u00e4dern und mehr auf Energieeffizienz, Langlebigkeit und zuverl\u00e4ssigen Betrieb ausgelegt. Seit der Gru\u0308ndung des Unternehmens im Jahr 1977 hat Kemitron seine Technico-Produkte immer kosteneffizient und kostengu\u0308nstig fu\u0308r seine Kunden in Wellness- und Spa-Einrichtungen gestaltet.<\/p>\n<p><strong>Schont den Planeten und unseren Geldbeutel<\/strong><\/p>\n<p>Mit Hilfe der Programme in Kemitrons Steuerungssystemen und Erlebnisduschen, k\u00f6nnen die Kunden nicht nur Energie, sondern auch Kosten sparen.<\/p>\n<p>Denn der geringere Wasserverbrauch und die daraus resultierende geringere Warmwasserproduktion fu\u0308hren zu einer Senkung der Betriebskosten. Das in den Erlebnisduschen eingesetzte Technico LED-Licht ist ganz auf Energieeinsparung und geringe W\u00e4rmeentwicklung ausgelegt. Der Kunde kann aus einer Vielzahl von Farben w\u00e4hlen und ben\u00f6tigt je nach Auswahl nur zwischen 0,2 und 2,5 Watt, was den Energieverbrauch sehr gering h\u00e4lt. Auch das Sole-Inhalationssystem Technico VaporSystem hat sowohl im Standby- als auch im Betriebsmodus einen sehr niedrigen Stromverbrauch. Dies gilt insbesondere in Kombination mit der Kemitron Pflege-Sole-L\u00f6sung, die die Betreiber von Wellnessund Spa-Anlagen bei der Verbesserung ihrer Energieeffizienz und der Senkung ihrer Kosten zus\u00e4tzlich unterstu\u0308tzt.<\/p>\n<p><strong>Weniger ist mehr<\/strong><\/p>\n<p>Alle Kemitron-Du\u0308fte der Aromee Produktgruppe haben eine gro\u00dfe Wirkung und ben\u00f6tigen nur eine geringe Menge an Duftstoffen. Das macht sie nicht nur \u00e4u\u00dferst wirtschaftlich, sondern hilft auch, Ressourcen zu schonen. Weitere Einsparungen k\u00f6nnen Betreiber mit der Dosiertechnik von Kemitron erzielen, da der Verbrauch von Duftl\u00f6sungen bei automatischer Dosierung im Vergleich zur manuellen drastisch sinkt.<\/p>\n<p>Dies gilt auch fu\u0308r die Reinigungs-, Pflege- und Desinfektionsprodukte aus der Pure-Kollektion von Kemitron. Diese wurden ebenfalls mit dem Ziel entwickelt, eine gro\u00dfe Wirkung mit nur wenig Reinigungs- und Pflegemittel zu erzielen. Dadurch k\u00f6nnen die Betreiber von Spa- und Wellnessanlagen effektiv Kosten sparen und gleichzeitig Ressourcen schonen.<\/p>\n<p><a href=\"http:\/\/www.kemitron.de\/\" target=\"_blank\" rel=\"noopener\">www.kemitron.de<\/a><\/p>[\/et_pb_text][\/et_pb_column][et_pb_column type=&#8220;2_5&#8243; _builder_version=&#8220;4.17.4&#8243; _module_preset=&#8220;default&#8220; global_colors_info=&#8220;{}&#8220; theme_builder_area=&#8220;post_content&#8220;][et_pb_image src=&#8220;https:\/\/sauna-wellness-update.de\/wp-content\/uploads\/logo-kemitron-gmbh-1.jpg&#8220; title_text=&#8220;logo-kemitron-gmbh&#8220; _builder_version=&#8220;4.20.2&#8243; _module_preset=&#8220;default&#8220; hover_enabled=&#8220;0&#8243; global_colors_info=&#8220;{}&#8220; theme_builder_area=&#8220;post_content&#8220; sticky_enabled=&#8220;0&#8243;][\/et_pb_image][\/et_pb_column][\/et_pb_row][\/et_pb_section]\n","protected":false},"excerpt":{"rendered":"<p>Kemitron: Umweltfreundliches GesamtpaketDer Premium-Wellnesstechnologie-Anbieter Kemitron zeigt auf, wie man mit seinen Produkten in Spa-Einrichtungen Energie, Ressourcen und Kosten sparen kann. Alle Kemitron-Produkte zeichnen sich durch ihren geringen Verbrauch und die damit verbundene Wirtschaftlichkeit und Kosteneffizienz aus. Dies kann zu erheblichen Gesamteinsparungen fu\u0308r die Betreiber von Wellness- und Spa-Anlagen fu\u0308hren. Dies l\u00e4sst sich am besten an [&hellip;]<\/p>\n","protected":false},"author":1,"featured_media":0,"parent":0,"menu_order":0,"comment_status":"closed","ping_status":"closed","template":"","meta":{"_et_pb_use_builder":"on","_et_pb_old_content":"","_et_gb_content_width":"","iawp_total_views":2,"footnotes":""},"class_list":["post-6565","page","type-page","status-publish","hentry"],"_links":{"self":[{"href":"https:\/\/sauna-wellness-update.de\/de_de\/wp-json\/wp\/v2\/pages\/6565","targetHints":{"allow":["GET"]}}],"collection":[{"href":"https:\/\/sauna-wellness-update.de\/de_de\/wp-json\/wp\/v2\/pages"}],"about":[{"href":"https:\/\/sauna-wellness-update.de\/de_de\/wp-json\/wp\/v2\/types\/page"}],"author":[{"embeddable":true,"href":"https:\/\/sauna-wellness-update.de\/de_de\/wp-json\/wp\/v2\/users\/1"}],"replies":[{"embeddable":true,"href":"https:\/\/sauna-wellness-update.de\/de_de\/wp-json\/wp\/v2\/comments?post=6565"}],"version-history":[{"count":3,"href":"https:\/\/sauna-wellness-update.de\/de_de\/wp-json\/wp\/v2\/pages\/6565\/revisions"}],"predecessor-version":[{"id":6572,"href":"https:\/\/sauna-wellness-update.de\/de_de\/wp-json\/wp\/v2\/pages\/6565\/revisions\/6572"}],"wp:attachment":[{"href":"https:\/\/sauna-wellness-update.de\/de_de\/wp-json\/wp\/v2\/media?parent=6565"}],"curies":[{"name":"wp","href":"https:\/\/api.w.org\/{rel}","templated":true}]}}