{"id":3118,"date":"2022-12-13T12:20:08","date_gmt":"2022-12-13T11:20:08","guid":{"rendered":"https:\/\/sauna-wellness-update.de\/?page_id=3118"},"modified":"2022-12-13T12:21:09","modified_gmt":"2022-12-13T11:21:09","slug":"datenschutz","status":"publish","type":"page","link":"https:\/\/sauna-wellness-update.de\/en\/datenschutz\/","title":{"rendered":"Privacy"},"content":{"rendered":"<p>[et_pb_section fb_built=&#8220;1&#8243; theme_builder_area=&#8220;post_content&#8220; _builder_version=&#8220;4.17.4&#8243; _module_preset=&#8220;default&#8220;][et_pb_row _builder_version=&#8220;4.17.4&#8243; _module_preset=&#8220;default&#8220; theme_builder_area=&#8220;post_content&#8220;][et_pb_column _builder_version=&#8220;4.17.4&#8243; _module_preset=&#8220;default&#8220; type=&#8220;4_4&#8243; theme_builder_area=&#8220;post_content&#8220;][et_pb_text _builder_version=&#8220;4.17.4&#8243; _module_preset=&#8220;default&#8220; theme_builder_area=&#8220;post_content&#8220; hover_enabled=&#8220;0&#8243; sticky_enabled=&#8220;0&#8243;]<\/p>\n<section class=\"mbr-section content4 cid-r7vn6Dne6u\" id=\"content4-j\">\n<div class=\"container\">\n<div class=\"media-container-row\">\n<div class=\"title col-12 col-md-8\">\n<h2 class=\"align-center pb-3 mbr-fonts-style display-1\">Datenschutzerkl\u00e4rung<\/h2>\n<p>Verantwortliche Stelle im Sinne der Datenschutzgesetze, insbesondere der EU-Datenschutzgrundverordnung (DSGVO), ist:<\/p>\n<p>m\u00e6rz kommunikation GmbH &amp; Co. KG, Obernstra\u00dfe 42, 33602 Bielefeld<br \/>Amtsgericht Bielefeld: HRA 15680, Ust-Id-Nr de 815\u2009262\u2009710<br \/>Pers\u00f6nlich haftende Gesellschafterin:<br \/>Maerz Verwaltungs GmbH, Amtsgericht Bielefeld: HRB 40265<br \/>Gesch\u00e4ftsf\u00fchrer: Stefanie Kreutz, Volker M\u00fcller, Michael Sch\u00e4per<\/p>\n<\/div>\n<\/div>\n<\/div>\n<\/section>\n<section class=\"mbr-section article content1 cid-r7vn7ARA4e\" id=\"content1-k\">\n<div class=\"container\">\n<div class=\"media-container-row\">\n<div class=\"mbr-text col-12 col-md-8 mbr-fonts-style display-7\">\n<div><\/div>\n<div><strong>Ihre Betroffenenrechte<\/strong><\/div>\n<div>Unter den angegebenen Kontaktdaten unseres Datenschutzbeauftragten k\u00f6nnen Sie jederzeit folgende Rechte aus\u00fcben:<\/div>\n<div>\u2022 Auskunft \u00fcber Ihre bei uns gespeicherten Daten und deren Verarbeitung,<\/div>\n<div>\u2022 Berichtigung unrichtiger personenbezogener Daten,<\/div>\n<div>\u2022 L\u00f6schung Ihrer bei uns gespeicherten Daten,<\/div>\n<div>\u2022 Einschr\u00e4nkung der Datenverarbeitung, sofern wir Ihre Daten aufgrund gesetzlicher Pflichten noch nicht l\u00f6schen d\u00fcrfen,<\/div>\n<div>\u2022 Widerspruch gegen die Verarbeitung Ihrer Daten bei uns und<\/div>\n<div>\u2022 Daten\u00fcbertragbarkeit, sofern Sie in die Datenverarbeitung eingewilligt haben oder einen Vertrag mit uns abgeschlossen haben.<\/div>\n<div>Sofern Sie uns eine Einwilligung erteilt haben, k\u00f6nnen Sie diese jederzeit mit Wirkung f\u00fcr die Zukunft widerrufen.<\/div>\n<div>Sie k\u00f6nnen sich jederzeit mit einer Beschwerde an die f\u00fcr Sie zust\u00e4ndige Aufsichtsbeh\u00f6rde wenden. Ihre zust\u00e4ndige Aufsichtsbeh\u00f6rde richtet sich nach dem Bundesland Ihres Wohnsitzes, Ihrer Arbeit oder der mutma\u00dflichen Verletzung. Eine Liste der Aufsichtsbeh\u00f6rden (f\u00fcr den nicht\u00f6ffentlichen Bereich) mit Anschrift finden Sie unter:<span>\u00a0<\/span><a href=\"https:\/\/www.bfdi.bund.de\/DE\/Infothek\/Anschriften_Links\/anschriften_links-node.html\" target=\"_blank\" class=\"\" rel=\"noopener\">https:\/\/www.bfdi.bund.de\/DE\/Infothek\/Anschriften_Links\/anschriften_links-node.html<\/a>.<\/div>\n<div><\/div>\n<div><strong>Zwecke der Datenverarbeitung durch die verantwortliche Stelle und Dritte<\/strong><\/div>\n<div>Wir verarbeiten Ihre personenbezogenen Daten nur zu den in dieser Datenschutzerkl\u00e4rung genannten Zwecken. Eine \u00dcbermittlung Ihrer pers\u00f6nlichen Daten an Dritte zu anderen als den genannten Zwecken findet nicht statt. Wir geben Ihre pers\u00f6nlichen Daten nur an Dritte weiter, wenn:<\/div>\n<div><span>\u2022 Sie Ihre ausdr\u00fcckliche Einwilligung dazu erteilt haben,<\/span><\/div>\n<div>\u2022 die Verarbeitung zur Abwicklung eines Vertrags mit Ihnen erforderlich ist,<\/div>\n<div>\u2022 die Verarbeitung zur Erf\u00fcllung einer rechtlichen Verpflichtung erforderlich ist,<\/div>\n<div>\u2022 die Verarbeitung zur Wahrung berechtigter Interessen erforderlich ist und kein Grund zur Annahme besteht, dass Sie ein \u00fcberwiegendes schutzw\u00fcrdiges Interesse an der Nichtweitergabe Ihrer Daten haben.<\/div>\n<div><\/div>\n<div><strong>L\u00f6schung bzw. Sperrung der Daten<\/strong><\/div>\n<div>Wir halten uns an die Grunds\u00e4tze der Datenvermeidung und Datensparsamkeit. Wir speichern Ihre personenbezogenen Daten daher nur so lange, wie dies zur Erreichung der hier genannten Zwecke erforderlich ist oder wie es die vom Gesetzgeber vorgesehenen vielf\u00e4ltigen Speicherfristen vorsehen. Nach Fortfall des jeweiligen Zweckes bzw. Ablauf dieser Fristen werden die entsprechenden Daten routinem\u00e4\u00dfig und entsprechend den gesetzlichen Vorschriften gesperrt oder gel\u00f6scht.<\/div>\n<div><\/div>\n<div><strong>Erfassung allgemeiner Informationen beim Besuch unserer Website<\/strong><\/div>\n<div>Wenn Sie auf unsere Website zugreifen, werden automatisch mittels eines Cookies Informationen allgemeiner Natur erfasst. Diese Informationen (Server-Logfiles) beinhalten etwa die Art des Webbrowsers, das verwendete Betriebssystem, den Domainnamen Ihres Internet-Service-Providers und \u00e4hnliches. Hierbei handelt es sich ausschlie\u00dflich um Informationen, welche keine R\u00fcckschl\u00fcsse auf Ihre Person zulassen.<\/div>\n<div><\/div>\n<div>Diese Informationen sind technisch notwendig, um von Ihnen angeforderte Inhalte von Webseiten korrekt auszuliefern und fallen bei Nutzung des Internets zwingend an. Sie werden insbesondere zu folgenden Zwecken verarbeitet:<\/div>\n<div><span>\u2022 Sicherstellung eines problemlosen Verbindungsaufbaus der Website,<\/span><\/div>\n<div>\u2022 Sicherstellung einer reibungslosen Nutzung unserer Website,<\/div>\n<div>\u2022 Auswertung der Systemsicherheit und -stabilit\u00e4t sowie<\/div>\n<div>\u2022 zu weiteren administrativen Zwecken.<\/div>\n<div>Die Verarbeitung Ihrer personenbezogenen Daten basiert auf unserem berechtigten Interesse aus den vorgenannten Zwecken zur Datenerhebung. Wir verwenden Ihre Daten nicht, um R\u00fcckschl\u00fcsse auf Ihre Person zu ziehen. Empf\u00e4nger der Daten sind nur die verantwortliche Stelle und ggf. Auftragsverarbeiter.<\/div>\n<div>Anonyme Informationen dieser Art werden von uns ggfs. statistisch ausgewertet, um unseren Internetauftritt und die dahinterstehende Technik zu optimieren.<\/div>\n<div><\/div>\n<div><strong>\u00c4nderung unserer Datenschutzbestimmungen<\/strong><\/div>\n<div>Wir behalten uns vor, diese Datenschutzerkl\u00e4rung anzupassen, damit sie stets den aktuellen rechtlichen Anforderungen entspricht oder um \u00c4nderungen unserer Leistungen in der Datenschutzerkl\u00e4rung umzusetzen, z.B. bei der Einf\u00fchrung neuer Services. F\u00fcr Ihren erneuten Besuch gilt dann die neue Datenschutzerkl\u00e4rung.<\/div>\n<div><\/div>\n<div><strong>Fragen an den Datenschutzbeauftragten<\/strong><\/div>\n<div>Wenn Sie Fragen zum Datenschutz haben, schreiben Sie uns bitte eine E-Mail oder wenden Sie sich direkt an die f\u00fcr den Datenschutz verantwortliche Person in unserer Organisation:<\/div>\n<div>Michael Sch\u00e4per, Email:<span>\u00a0<\/span><a href=\"mailto:ms@maerz-kommunikation.de\" class=\"\">ms@maerz-kommunikation.de<\/a><\/div>\n<div><\/div>\n<div>Die Datenschutzerkl\u00e4rung wurde mit dem<span>\u00a0<\/span><a href=\"https:\/\/www.activemind.de\/datenschutz\/datenschutzhinweis-generator\/\" target=\"_blank\" class=\"\" rel=\"noopener\">Datenschutzerkl\u00e4rungs-Generator der activeMind AG<\/a><span>\u00a0<\/span>erstellt.<\/div>\n<\/div>\n<\/div>\n<\/div>\n<\/section>\n<p>[\/et_pb_text][\/et_pb_column][\/et_pb_row][\/et_pb_section]<\/p>\n","protected":false},"excerpt":{"rendered":"<p>Datenschutzerkl\u00e4rung Verantwortliche Stelle im Sinne der Datenschutzgesetze, insbesondere der EU-Datenschutzgrundverordnung (DSGVO), ist: m\u00e6rz kommunikation GmbH &amp; Co. KG, Obernstra\u00dfe 42, 33602 BielefeldAmtsgericht Bielefeld: HRA 15680, Ust-Id-Nr de 815\u2009262\u2009710Pers\u00f6nlich haftende Gesellschafterin:Maerz Verwaltungs GmbH, Amtsgericht Bielefeld: HRB 40265Gesch\u00e4ftsf\u00fchrer: Stefanie Kreutz, Volker M\u00fcller, Michael Sch\u00e4per Ihre Betroffenenrechte Unter den angegebenen Kontaktdaten unseres Datenschutzbeauftragten k\u00f6nnen Sie jederzeit folgende Rechte [&hellip;]<\/p>\n","protected":false},"author":1,"featured_media":0,"parent":0,"menu_order":0,"comment_status":"closed","ping_status":"closed","template":"","meta":{"_et_pb_use_builder":"on","_et_pb_old_content":"","_et_gb_content_width":"","iawp_total_views":8,"footnotes":""},"class_list":["post-3118","page","type-page","status-publish","hentry"],"_links":{"self":[{"href":"https:\/\/sauna-wellness-update.de\/en\/wp-json\/wp\/v2\/pages\/3118","targetHints":{"allow":["GET"]}}],"collection":[{"href":"https:\/\/sauna-wellness-update.de\/en\/wp-json\/wp\/v2\/pages"}],"about":[{"href":"https:\/\/sauna-wellness-update.de\/en\/wp-json\/wp\/v2\/types\/page"}],"author":[{"embeddable":true,"href":"https:\/\/sauna-wellness-update.de\/en\/wp-json\/wp\/v2\/users\/1"}],"replies":[{"embeddable":true,"href":"https:\/\/sauna-wellness-update.de\/en\/wp-json\/wp\/v2\/comments?post=3118"}],"version-history":[{"count":3,"href":"https:\/\/sauna-wellness-update.de\/en\/wp-json\/wp\/v2\/pages\/3118\/revisions"}],"predecessor-version":[{"id":3121,"href":"https:\/\/sauna-wellness-update.de\/en\/wp-json\/wp\/v2\/pages\/3118\/revisions\/3121"}],"wp:attachment":[{"href":"https:\/\/sauna-wellness-update.de\/en\/wp-json\/wp\/v2\/media?parent=3118"}],"curies":[{"name":"wp","href":"https:\/\/api.w.org\/{rel}","templated":true}]}}